{"id":71,"date":"2016-06-14T20:33:52","date_gmt":"2016-06-14T20:33:52","guid":{"rendered":"http:\/\/tigrovi-urv1gbr.com\/wp\/?page_id=71"},"modified":"2024-09-04T17:16:45","modified_gmt":"2024-09-04T17:16:45","slug":"o-nama","status":"publish","type":"page","link":"https:\/\/tigrovi-urv1gbr.com\/wp\/o-nama\/","title":{"rendered":"O NAMA"},"content":{"rendered":"<p><strong><span style=\"color: #000000;\">Na redovitoj izbornoj skup\u0161tini Udruge ratnih veterana 1.gbr \u201cTigrovi\u201c 11.o\u017eujka 2024.god izabrani su \u010dlanovi tjela udruge :<\/span><\/strong><\/p>\n<p><strong><span style=\"color: #000000;\">IZVR\u0160NI ODBOR<\/span><\/strong><\/p>\n<table>\n<tbody>\n<tr>\n<td width=\"397\"><strong><span style=\"color: #000000;\">Predsjednik&nbsp;<\/span><\/strong><\/td>\n<td width=\"300\"><strong><span style=\"color: #000000;\">Darko Katu\u0161a<\/span><\/strong><\/td>\n<\/tr>\n<tr>\n<td width=\"397\">&nbsp;&nbsp;&nbsp;&nbsp;<\/p>\n<p><strong><span style=\"color: #000000;\">Dopredsjednik<\/span><\/strong><\/td>\n<td width=\"300\">&nbsp;&nbsp;&nbsp;&nbsp;<\/p>\n<p><strong><span style=\"color: #000000;\">Zoran Hr\u017ean<\/span><\/strong><\/td>\n<\/tr>\n<tr>\n<td width=\"397\">&nbsp;&nbsp;&nbsp;&nbsp;<\/p>\n<p><strong><span style=\"color: #000000;\">\u010clanovi predsjedni\u0161tva&nbsp;<\/span><\/strong><\/td>\n<td width=\"300\">&nbsp;&nbsp;&nbsp;&nbsp;<\/p>\n<p><strong><span style=\"color: #000000;\">Eduard Butijer<\/span><\/strong><\/td>\n<\/tr>\n<tr>\n<td width=\"397\">&nbsp;<\/td>\n<td width=\"300\"><strong><span style=\"color: #000000;\">Ilija Vu\u010demilovi\u0107 \u0160imunovi\u0107<\/span><\/strong><\/td>\n<\/tr>\n<tr>\n<td width=\"397\">&nbsp;<\/td>\n<td width=\"300\"><strong><span style=\"color: #000000;\">Pasari\u0107ek Ivica<\/span><\/strong><\/td>\n<\/tr>\n<tr>\n<td width=\"397\">&nbsp;<\/td>\n<td width=\"300\"><strong><span style=\"color: #000000;\">Stjepan Ga\u0161ljevi\u0107<\/span><\/strong><\/td>\n<\/tr>\n<tr>\n<td width=\"397\">&nbsp;<\/td>\n<td width=\"300\"><strong><span style=\"color: #000000;\">Ivan Anton \u017dlimen<\/span><\/strong><\/td>\n<\/tr>\n<tr>\n<td width=\"397\"><strong><span style=\"color: #000000;\">Tajnica udruge<\/span><\/strong><\/td>\n<td width=\"300\"><strong><span style=\"color: #000000;\">Gordana Tomljanovi\u0107 Tiljak<\/span><\/strong><\/td>\n<\/tr>\n<tr>\n<td width=\"397\">&nbsp;&nbsp;&nbsp;&nbsp;<\/p>\n<p><strong><span style=\"color: #000000;\">Sud \u010dasti<\/span><\/strong><\/td>\n<td width=\"300\">&nbsp;&nbsp;&nbsp;&nbsp;<\/p>\n<p><strong><span style=\"color: #000000;\">Stjepan Ivanovi\u0107<\/span><\/strong><\/td>\n<\/tr>\n<tr>\n<td width=\"397\">&nbsp;<\/td>\n<td width=\"300\"><strong><span style=\"color: #000000;\">Tihomir Vidmar<\/span><\/strong><\/td>\n<\/tr>\n<tr>\n<td width=\"397\">&nbsp;<\/td>\n<td width=\"300\"><strong><span style=\"color: #000000;\">Vlado Muraja<\/span><\/strong><\/td>\n<\/tr>\n<tr>\n<td width=\"397\">&nbsp;&nbsp;&nbsp;&nbsp;<\/p>\n<p><strong><span style=\"color: #000000;\">Nadzorni odbor<\/span><\/strong><\/td>\n<td width=\"300\">&nbsp;&nbsp;&nbsp;&nbsp;<\/p>\n<p><strong><span style=\"color: #000000;\">Stipe Ercegovac<\/span><\/strong><\/td>\n<\/tr>\n<tr>\n<td width=\"397\">&nbsp;<\/td>\n<td width=\"300\"><strong><span style=\"color: #000000;\">Josip Vorih<\/span><\/strong><\/td>\n<\/tr>\n<tr>\n<td width=\"397\">&nbsp;<\/td>\n<td width=\"300\"><strong><span style=\"color: #000000;\">Ivica Vukmani\u0107<\/span><\/strong><\/td>\n<\/tr>\n<\/tbody>\n<\/table>\n<table>\n<tbody>\n<tr>\n<td width=\"397\"><strong><span style=\"color: #000000;\">Podru\u017enica Vara\u017edinske \u017eupanije izvr\u0161ni odbor<\/span><\/strong><\/td>\n<td width=\"300\">&nbsp;<\/td>\n<\/tr>\n<tr>\n<td width=\"397\"><strong><span style=\"color: #000000;\">Predsjednik<\/span><\/strong><\/td>\n<td width=\"300\"><strong><span style=\"color: #000000;\">Damir Grabar<\/span><\/strong><\/td>\n<\/tr>\n<tr>\n<td width=\"397\">&nbsp;&nbsp;&nbsp;&nbsp;<\/p>\n<p><strong><span style=\"color: #000000;\">Dopredsjednik<\/span><\/strong><\/td>\n<td width=\"300\">&nbsp;&nbsp;&nbsp;&nbsp;<\/p>\n<p><span style=\"color: #000000;\"><strong>Zoran Ke\u010da<\/strong><\/span><\/td>\n<\/tr>\n<tr>\n<td width=\"397\">&nbsp;&nbsp;&nbsp;&nbsp;<\/p>\n<p><strong><span style=\"color: #000000;\">\u010clanovi predsjedni\u0161tva<\/span><\/strong><\/td>\n<td width=\"300\">&nbsp;&nbsp;&nbsp;&nbsp;<\/p>\n<p><strong><span style=\"color: #000000;\">Zdravko Zajec<\/span><\/strong><\/td>\n<\/tr>\n<tr>\n<td width=\"397\">&nbsp;<\/td>\n<td width=\"300\"><strong><span style=\"color: #000000;\">Damir Grabar<\/span><\/strong><\/td>\n<\/tr>\n<tr>\n<td width=\"397\">&nbsp;<\/td>\n<td width=\"300\"><span style=\"color: #000000;\"><b>Alen Gr\u0111an<\/b><\/span><\/td>\n<\/tr>\n<tr>\n<td width=\"397\">&nbsp;<\/td>\n<td width=\"300\"><strong><span style=\"color: #000000;\">Vladimir Miljenovi\u0107<\/span><\/strong><\/td>\n<\/tr>\n<tr>\n<td width=\"397\">&nbsp;<\/td>\n<td width=\"300\"><span style=\"color: #000000;\"><strong>Nikola Lipovec<\/strong><\/span><\/td>\n<\/tr>\n<tr>\n<td width=\"397\">&nbsp;&nbsp;&nbsp;&nbsp;<\/p>\n<p><strong><span style=\"color: #000000;\">Tajnik podru\u017enice<\/span><\/strong><\/td>\n<td width=\"300\">&nbsp;&nbsp;&nbsp;&nbsp;<\/p>\n<p><strong><span style=\"color: #000000;\">Du\u0161ko Mali\u0107<\/span><\/strong><\/td>\n<\/tr>\n<tr>\n<td width=\"397\">&nbsp;<\/td>\n<td width=\"300\">&nbsp;<\/td>\n<\/tr>\n<tr>\n<td width=\"397\"><strong><span style=\"color: #000000;\">Podru\u017enica Me\u0111imurske \u017eupanije izvr\u0161ni odbor<\/span><\/strong><\/td>\n<td width=\"300\">&nbsp;<\/td>\n<\/tr>\n<tr>\n<td width=\"397\"><strong><span style=\"color: #000000;\">Predsjednik<\/span><\/strong><\/td>\n<td width=\"300\"><strong><span style=\"color: #000000;\">Alojz Fleten<\/span><\/strong><\/td>\n<\/tr>\n<tr>\n<td width=\"397\">&nbsp;&nbsp;&nbsp;&nbsp;<\/p>\n<p><strong><span style=\"color: #000000;\">Dopredsjednik<\/span><\/strong><\/td>\n<td width=\"300\">&nbsp;&nbsp;&nbsp;&nbsp;<\/p>\n<p><strong><span style=\"color: #000000;\">Miljenko Baka\u010d<\/span><\/strong><\/td>\n<\/tr>\n<tr>\n<td width=\"397\">&nbsp;&nbsp;&nbsp;&nbsp;<\/p>\n<p><strong><span style=\"color: #000000;\">\u010clanovi predsjedni\u0161tva<\/span><\/strong><\/td>\n<td width=\"300\">&nbsp;&nbsp;&nbsp;&nbsp;<\/p>\n<p><strong><span style=\"color: #000000;\">Franjo Kemec<\/span><\/strong><\/td>\n<\/tr>\n<tr>\n<td width=\"397\">&nbsp;<\/td>\n<td width=\"300\"><strong><span style=\"color: #000000;\">Miljenko Mar\u0111etko<\/span><\/strong><\/td>\n<\/tr>\n<tr>\n<td width=\"397\">&nbsp;<\/td>\n<td width=\"300\"><strong><span style=\"color: #000000;\">Ivica Ivaci<\/span><\/strong><\/td>\n<\/tr>\n<tr>\n<td width=\"397\">&nbsp;<\/td>\n<td width=\"300\"><strong><span style=\"color: #000000;\">Ivan \u0160afari\u0107<\/span><\/strong><\/td>\n<\/tr>\n<tr>\n<td width=\"397\">&nbsp;<\/td>\n<td width=\"300\"><strong><span style=\"color: #000000;\">Daniel Rodek<\/span><\/strong><\/td>\n<\/tr>\n<tr>\n<td width=\"397\">&nbsp;&nbsp;&nbsp;&nbsp;<\/p>\n<p><strong><span style=\"color: #000000;\">Tajnik podru\u017enice<\/span><\/strong><\/td>\n<td width=\"300\">&nbsp;&nbsp;&nbsp;&nbsp;<\/p>\n<p><strong><span style=\"color: #000000;\">Franjo Kemec<\/span><\/strong><\/td>\n<\/tr>\n<tr>\n<td width=\"397\">&nbsp;<\/td>\n<td width=\"300\">&nbsp;<\/td>\n<\/tr>\n<tr>\n<td width=\"397\"><strong><span style=\"color: #000000;\">Podru\u017enica Sisa\u010dko moslova\u010dke \u017eupanije izvr\u0161ni odbor<\/span><\/strong><\/td>\n<td width=\"300\">&nbsp;<\/td>\n<\/tr>\n<tr>\n<td width=\"397\"><strong><span style=\"color: #000000;\">Predsjednik<\/span><\/strong><\/td>\n<td width=\"300\"><strong><span style=\"color: #000000;\">Vlado Li\u010danin<\/span><\/strong><\/td>\n<\/tr>\n<tr>\n<td width=\"397\">&nbsp;&nbsp;&nbsp;&nbsp;<\/p>\n<p><strong><span style=\"color: #000000;\">Dopredsjednik<\/span><\/strong><\/td>\n<td width=\"300\">&nbsp;&nbsp;&nbsp;&nbsp;<\/p>\n<p><strong><span style=\"color: #000000;\">Vlado Muraja<\/span><\/strong><\/td>\n<\/tr>\n<tr>\n<td width=\"397\">&nbsp;&nbsp;&nbsp;&nbsp;<\/p>\n<p><strong><span style=\"color: #000000;\">\u010clanovi predsjedni\u0161tva<\/span><\/strong><\/td>\n<td width=\"300\">&nbsp;&nbsp;&nbsp;&nbsp;<\/p>\n<p><strong><span style=\"color: #000000;\">Marijan Mako\u0161<\/span><\/strong><\/td>\n<\/tr>\n<tr>\n<td width=\"397\">&nbsp;<\/td>\n<td width=\"300\"><strong><span style=\"color: #000000;\">Stjepan \u0160eliga<\/span><\/strong><\/td>\n<\/tr>\n<tr>\n<td width=\"397\">&nbsp;<\/td>\n<td width=\"300\"><strong><span style=\"color: #000000;\">Ivan Jur\u010devi\u0107<\/span><\/strong><\/td>\n<\/tr>\n<tr>\n<td width=\"397\">&nbsp;<\/td>\n<td width=\"300\">&nbsp;<\/td>\n<\/tr>\n<tr>\n<td width=\"397\">&nbsp;<\/td>\n<td width=\"300\">&nbsp;<\/td>\n<\/tr>\n<tr>\n<td width=\"397\"><strong><span style=\"color: #000000;\">Tajnik podru\u017enice<\/span><\/strong><\/td>\n<td width=\"300\"><strong><span style=\"color: #000000;\">Nedo Klari\u0107<\/span><\/strong><\/td>\n<\/tr>\n<tr>\n<td width=\"397\">&nbsp;<\/td>\n<td width=\"300\">&nbsp;<\/td>\n<\/tr>\n<tr>\n<td width=\"397\"><strong><span style=\"color: #000000;\">Podru\u017enica Po\u017ee\u0161ko slavonske \u017eupanije izvr\u0161ni odbor<\/span><\/strong><\/td>\n<td width=\"300\">&nbsp;<\/td>\n<\/tr>\n<tr>\n<td width=\"397\"><strong><span style=\"color: #000000;\">Predsjednik<\/span><\/strong><\/td>\n<td width=\"300\"><strong><span style=\"color: #000000;\">Zoran Josipovi\u0107<\/span><\/strong><\/td>\n<\/tr>\n<tr>\n<td width=\"397\">&nbsp;&nbsp;&nbsp;&nbsp;<\/p>\n<p><strong><span style=\"color: #000000;\">Dopredsjednik<\/span><\/strong><\/td>\n<td width=\"300\">&nbsp;&nbsp;&nbsp;&nbsp;<\/p>\n<p><strong><span style=\"color: #000000;\">Zdenko \u0160\u0107epina<\/span><\/strong><\/td>\n<\/tr>\n<tr>\n<td width=\"397\">&nbsp;&nbsp;&nbsp;&nbsp;<\/p>\n<p><strong><span style=\"color: #000000;\">\u010clanovi predsjedni\u0161tva<\/span><\/strong><\/td>\n<td width=\"300\">&nbsp;&nbsp;&nbsp;&nbsp;<\/p>\n<p><strong><span style=\"color: #000000;\">Vinko Hrgovi\u0107<\/span><\/strong><\/td>\n<\/tr>\n<tr>\n<td width=\"397\">&nbsp;<\/td>\n<td width=\"300\"><strong><span style=\"color: #000000;\">Zvonimir Horvat<\/span><\/strong><\/td>\n<\/tr>\n<tr>\n<td width=\"397\">&nbsp;<\/td>\n<td width=\"300\"><strong><span style=\"color: #000000;\">\u017deljko Lipu\u0161i\u0107<\/span><\/strong><\/td>\n<\/tr>\n<tr>\n<td width=\"397\">&nbsp;<\/td>\n<td width=\"300\"><strong><span style=\"color: #000000;\">Josip Buljan<\/span><\/strong><\/td>\n<\/tr>\n<tr>\n<td width=\"397\">&nbsp;<\/td>\n<td width=\"300\"><strong><span style=\"color: #000000;\">Berislav Belan\u010di\u0107<\/span><\/strong><\/td>\n<\/tr>\n<tr>\n<td width=\"397\">&nbsp;&nbsp;&nbsp;&nbsp;<\/p>\n<p><strong><span style=\"color: #000000;\">Tajnik podru\u017enice<\/span><\/strong><\/td>\n<td width=\"300\">&nbsp;&nbsp;&nbsp;&nbsp;<\/p>\n<p><strong><span style=\"color: #000000;\">Josip \u010cavlovi\u0107<\/span><\/strong><\/td>\n<\/tr>\n<tr>\n<td width=\"397\">&nbsp;<\/td>\n<td width=\"300\">&nbsp;<\/td>\n<\/tr>\n<tr>\n<td width=\"397\"><strong><span style=\"color: #000000;\">Podru\u017enica Vukovarsko srijemske \u017eupanije izvr\u0161ni odbor<\/span><\/strong><\/td>\n<td width=\"300\">&nbsp;<\/td>\n<\/tr>\n<tr>\n<td width=\"397\"><strong><span style=\"color: #000000;\">Predsjednik<\/span><\/strong><\/td>\n<td width=\"300\"><strong><span style=\"color: #000000;\">Domagoj Jur\u010di\u0107<\/span><\/strong><\/td>\n<\/tr>\n<tr>\n<td width=\"397\">&nbsp;&nbsp;&nbsp;&nbsp;<\/p>\n<p><strong><span style=\"color: #000000;\">Dopredsjednik<\/span><\/strong><\/td>\n<td width=\"300\">&nbsp;&nbsp;&nbsp;&nbsp;<\/p>\n<p><strong><span style=\"color: #000000;\">Ratko Dovi\u010din<\/span><\/strong><\/td>\n<\/tr>\n<tr>\n<td width=\"397\">&nbsp;&nbsp;&nbsp;&nbsp;<\/p>\n<p><strong><span style=\"color: #000000;\">\u010clanovi predsjedni\u0161tva<\/span><\/strong><\/td>\n<td width=\"300\">&nbsp;&nbsp;&nbsp;&nbsp;<\/p>\n<p><strong><span style=\"color: #000000;\">Vinko Mili\u010devi\u0107<\/span><\/strong><\/td>\n<\/tr>\n<tr>\n<td width=\"397\">&nbsp;<\/td>\n<td width=\"300\"><strong><span style=\"color: #000000;\">Goran Marun\u010dek<\/span><\/strong><\/td>\n<\/tr>\n<tr>\n<td width=\"397\">&nbsp;<\/td>\n<td width=\"300\"><strong><span style=\"color: #000000;\">Zoran Gavranovi\u0107<\/span><\/strong><\/td>\n<\/tr>\n<tr>\n<td width=\"397\">&nbsp;<\/td>\n<td width=\"300\"><strong><span style=\"color: #000000;\">Ivan Ma\u0161i\u0107<\/span><\/strong><\/td>\n<\/tr>\n<tr>\n<td width=\"397\">&nbsp;<\/td>\n<td width=\"300\"><strong><span style=\"color: #000000;\">Ivica Novak<\/span><\/strong><\/td>\n<\/tr>\n<tr>\n<td width=\"397\">&nbsp;&nbsp;&nbsp;&nbsp;<\/p>\n<p><strong><span style=\"color: #000000;\">Tajnik podru\u017enice<\/span><\/strong><\/td>\n<td width=\"300\">&nbsp;&nbsp;&nbsp;&nbsp;<\/p>\n<p><strong><span style=\"color: #000000;\">Verica Marun\u010dek<\/span><\/strong><\/td>\n<\/tr>\n<tr>\n<td width=\"397\">&nbsp;<\/td>\n<td width=\"300\">&nbsp;<\/td>\n<\/tr>\n<tr>\n<td width=\"397\"><strong><span style=\"color: #000000;\">Podru\u017enica Bjelovarsko bilogorske \u017eupanije izvr\u0161ni odbor<\/span><\/strong><\/td>\n<td width=\"300\">&nbsp;<\/td>\n<\/tr>\n<tr>\n<td width=\"397\"><strong><span style=\"color: #000000;\">Predsjednik<\/span><\/strong><\/td>\n<td width=\"300\"><strong><span style=\"color: #000000;\">Milivoj Slunjski<\/span><\/strong><\/td>\n<\/tr>\n<tr>\n<td width=\"397\">&nbsp;&nbsp;&nbsp;&nbsp;<\/p>\n<p><strong><span style=\"color: #000000;\">Dopredsjednik<\/span><\/strong><\/td>\n<td width=\"300\">&nbsp;&nbsp;&nbsp;&nbsp;<\/p>\n<p>&nbsp;<\/td>\n<\/tr>\n<tr>\n<td width=\"397\">&nbsp;&nbsp;&nbsp;&nbsp;<\/p>\n<p><strong><span style=\"color: #000000;\">\u010clanovi predsjedni\u0161tva<\/span><\/strong><\/td>\n<td width=\"300\">&nbsp;&nbsp;&nbsp;&nbsp;<\/p>\n<p><strong><span style=\"color: #000000;\">Ivo Bjeli\u0107<\/span><\/strong><\/td>\n<\/tr>\n<tr>\n<td width=\"397\">&nbsp;<\/td>\n<td width=\"300\"><strong><span style=\"color: #000000;\">Zdenko Mihatovi\u0107<\/span><\/strong><\/td>\n<\/tr>\n<tr>\n<td width=\"397\">&nbsp;<\/td>\n<td width=\"300\"><strong><span style=\"color: #000000;\">Pavo Sangut<\/span><\/strong><\/td>\n<\/tr>\n<tr>\n<td width=\"397\">&nbsp;<\/td>\n<td width=\"300\"><strong><span style=\"color: #000000;\">Vlado Ga\u0161ljevi\u0107<\/span><\/strong><\/td>\n<\/tr>\n<tr>\n<td width=\"397\">&nbsp;<\/td>\n<td width=\"300\"><strong><span style=\"color: #000000;\">\u017deljko \u0160imunovi\u0107<\/span><\/strong><\/td>\n<\/tr>\n<tr>\n<td width=\"397\">&nbsp;&nbsp;&nbsp;&nbsp;<\/p>\n<p><strong><span style=\"color: #000000;\">Tajnik Podru\u017enice<\/span><\/strong><\/td>\n<td width=\"300\">&nbsp;&nbsp;&nbsp;&nbsp;<\/p>\n<p><strong><span style=\"color: #000000;\">Ivo Bjeli\u0107<\/span><\/strong><\/td>\n<\/tr>\n<\/tbody>\n<\/table>\n<p>&nbsp;<\/p>\n<p>&nbsp;<\/p>\n<p>&nbsp;<\/p>\n<h3>Related Images:<\/h3>","protected":false},"excerpt":{"rendered":"<div class=\"entry-summary\">\nNa redovitoj izbornoj skup\u0161tini Udruge ratnih veterana 1.gbr \u201cTigrovi\u201c 11.o\u017eujka 2024.god izabrani&hellip;\n<\/div>\n<div class=\"link-more\"><a href=\"https:\/\/tigrovi-urv1gbr.com\/wp\/o-nama\/\" class=\"more-link\">Continue reading<span class=\"screen-reader-text\"> &ldquo;O NAMA&rdquo;<\/span>&hellip;<\/a><\/div>\n","protected":false},"author":1,"featured_media":0,"parent":0,"menu_order":0,"comment_status":"closed","ping_status":"closed","template":"","meta":{"ngg_post_thumbnail":0,"footnotes":""},"class_list":["post-71","page","type-page","status-publish","hentry","entry"],"_links":{"self":[{"href":"https:\/\/tigrovi-urv1gbr.com\/wp\/wp-json\/wp\/v2\/pages\/71","targetHints":{"allow":["GET"]}}],"collection":[{"href":"https:\/\/tigrovi-urv1gbr.com\/wp\/wp-json\/wp\/v2\/pages"}],"about":[{"href":"https:\/\/tigrovi-urv1gbr.com\/wp\/wp-json\/wp\/v2\/types\/page"}],"author":[{"embeddable":true,"href":"https:\/\/tigrovi-urv1gbr.com\/wp\/wp-json\/wp\/v2\/users\/1"}],"replies":[{"embeddable":true,"href":"https:\/\/tigrovi-urv1gbr.com\/wp\/wp-json\/wp\/v2\/comments?post=71"}],"version-history":[{"count":14,"href":"https:\/\/tigrovi-urv1gbr.com\/wp\/wp-json\/wp\/v2\/pages\/71\/revisions"}],"predecessor-version":[{"id":6167,"href":"https:\/\/tigrovi-urv1gbr.com\/wp\/wp-json\/wp\/v2\/pages\/71\/revisions\/6167"}],"wp:attachment":[{"href":"https:\/\/tigrovi-urv1gbr.com\/wp\/wp-json\/wp\/v2\/media?parent=71"}],"curies":[{"name":"wp","href":"https:\/\/api.w.org\/{rel}","templated":true}]}}